{"id":223,"date":"2013-06-25T23:35:38","date_gmt":"2013-06-25T20:35:38","guid":{"rendered":"http:\/\/onlinemathimata.com\/?page_id=223"},"modified":"2013-06-25T23:35:38","modified_gmt":"2013-06-25T20:35:38","slug":"turkish-lessons","status":"publish","type":"page","link":"https:\/\/onlinemathimata.com\/en\/foreign-languages-online\/turkish-lessons\/","title":{"rendered":"Turkish Lessons"},"content":{"rendered":"<p>Turkish Lessons via the Internet is an excellent choice. You may learn Turkish easily and quickly for professional or other purposes. The number of people who want to learn Turkish is increasing rapidly and this is perfectly natural, since an advanced knowledge of the Turkish language provides you with a significant advantage to find employment in comparison with other prospective candidates.<\/p>\n<p>The examination for the certification in Turkish is held by the University of Ankara\u00a0<strong>T\u00d6MER<\/strong>. There are three levels: Temel, Orta and Y\u00fcksek.<\/p>\n<p><strong>T\u00d6MER:<\/strong><\/p>\n<p><strong>Basic Level (Temel Seviye)<\/strong><br \/>\nIn this level, students familiarise with the Turkish language. In addition, they gain knowledge about the lifestyle in contemporary Turkey and they come into contact with its culture. Besides the alphabet, students are taught basic grammar structures and a significant volume of vocabulary. The main goal is for students to be able to understand and participate in various everyday situations (salutations, introductions, telephone conversations, transactions in shops etc.). There are two different levels for the Temel certificate. The Temel 2 (KATILIM BELGES\u0130), which corresponds to the level A1 of the Common European Framework of Reference, and the Temel 4 (SERT\u0130F\u0130KA), which corresponds to the level A2 of the Common European Framework of Reference.<\/p>\n<p><strong>Intermediate Level (Orta Seviye)<\/strong><br \/>\nThe lessons in this level comprise more complex structures in grammar and syntax. At the same time, the students\u2019 vocabulary is enriched, idiomatic expressions are taught and expression in written discourse is enhanced. The aim is for the student to be able to compose short, simple texts (short descriptive essays) and adequately comprehend articles in magazines and newspapers. Last, in oral discourse, it is expected of students to be able to communicate fluently in more complex situations of everyday life (transactions in services, use of transport, conversations in hotels, shops, restaurants etc.). The Orta 4 certificate (SERT\u0130F\u0130KA) corresponds to the level B1 of the Common European Framework of Reference.<\/p>\n<p><strong>Advanced Level (Y\u00fcksek Seviye)<\/strong><br \/>\nIn this level, students perfect their language skills in Turkish. The aim is to further enrich the students\u2019 vocabulary, improve their accent, and teach them more complex grammatical and syntactical phenomena. At the end of this course, students are able to express their opinion on various issues. They can also comprehend more complex texts (from literature, the press, science, sports etc.). The Y\u00fcksek Seviye is also divided in two levels; the Y\u00fcksek 2 (SERT\u0130F\u0130KA) corresponds to the level B2 of the Common European Framework of Reference, while the level Y\u00fcksek 4 (D\u0130PLOM) corresponds to the level C1 of the Common European Framework of Reference.<\/p>\n<p>You can now learn Turkish via the Internet, with the most contemporary material available and with a low cost.<\/p>\n","protected":false},"excerpt":{"rendered":"<p>Turkish Lessons via the Internet is an excellent choice. You may learn Turkish easily and quickly for professional or other purposes. The number of people who want to learn Turkish is increasing rapidly and this is perfectly natural, since an advanced knowledge of the Turkish&#46;&#46;&#46;<\/p>\n","protected":false},"author":1,"featured_media":0,"parent":164,"menu_order":0,"comment_status":"closed","ping_status":"open","template":"","meta":{"_uag_custom_page_level_css":"","footnotes":""},"categories":[],"tags":[],"yoast_head":"<!-- This site is optimized with the Yoast SEO plugin v21.7 - https:\/\/yoast.com\/wordpress\/plugins\/seo\/ -->\n<title>Turkish Lessons - Online Lessons<\/title>\n<meta name=\"robots\" content=\"index, follow, max-snippet:-1, max-image-preview:large, max-video-preview:-1\" \/>\n<link rel=\"canonical\" href=\"https:\/\/onlinemathimata.com\/en\/foreign-languages-online\/turkish-lessons\/\" \/>\n<meta property=\"og:locale\" content=\"en_US\" \/>\n<meta property=\"og:type\" content=\"article\" \/>\n<meta property=\"og:title\" content=\"Turkish Lessons - Online Lessons\" \/>\n<meta property=\"og:description\" content=\"Turkish Lessons via the Internet is an excellent choice. You may learn Turkish easily and quickly for professional or other purposes. The number of people who want to learn Turkish is increasing rapidly and this is perfectly natural, since an advanced knowledge of the Turkish&#046;&#046;&#046;\" \/>\n<meta property=\"og:url\" content=\"https:\/\/onlinemathimata.com\/en\/foreign-languages-online\/turkish-lessons\/\" \/>\n<meta property=\"og:site_name\" content=\"Online Lessons\" \/>\n<meta name=\"twitter:card\" content=\"summary_large_image\" \/>\n<meta name=\"twitter:label1\" content=\"Est. reading time\" \/>\n\t<meta name=\"twitter:data1\" content=\"2 minutes\" \/>\n<script type=\"application\/ld+json\" class=\"yoast-schema-graph\">{\"@context\":\"https:\/\/schema.org\",\"@graph\":[{\"@type\":\"WebPage\",\"@id\":\"https:\/\/onlinemathimata.com\/en\/foreign-languages-online\/turkish-lessons\/\",\"url\":\"https:\/\/onlinemathimata.com\/en\/foreign-languages-online\/turkish-lessons\/\",\"name\":\"Turkish Lessons - Online Lessons\",\"isPartOf\":{\"@id\":\"https:\/\/onlinemathimata.com\/en\/#website\"},\"datePublished\":\"2013-06-25T20:35:38+00:00\",\"dateModified\":\"2013-06-25T20:35:38+00:00\",\"breadcrumb\":{\"@id\":\"https:\/\/onlinemathimata.com\/en\/foreign-languages-online\/turkish-lessons\/#breadcrumb\"},\"inLanguage\":\"en-US\",\"potentialAction\":[{\"@type\":\"ReadAction\",\"target\":[\"https:\/\/onlinemathimata.com\/en\/foreign-languages-online\/turkish-lessons\/\"]}]},{\"@type\":\"BreadcrumbList\",\"@id\":\"https:\/\/onlinemathimata.com\/en\/foreign-languages-online\/turkish-lessons\/#breadcrumb\",\"itemListElement\":[{\"@type\":\"ListItem\",\"position\":1,\"name\":\"Home\",\"item\":\"https:\/\/onlinemathimata.com\/en\/\"},{\"@type\":\"ListItem\",\"position\":2,\"name\":\"Foreign languages online\",\"item\":\"https:\/\/onlinemathimata.com\/en\/foreign-languages-online\/\"},{\"@type\":\"ListItem\",\"position\":3,\"name\":\"Turkish Lessons\"}]},{\"@type\":\"WebSite\",\"@id\":\"https:\/\/onlinemathimata.com\/en\/#website\",\"url\":\"https:\/\/onlinemathimata.com\/en\/\",\"name\":\"Online Lessons\",\"description\":\"Online Lessons - Live with image and sound\",\"publisher\":{\"@id\":\"https:\/\/onlinemathimata.com\/en\/#organization\"},\"potentialAction\":[{\"@type\":\"SearchAction\",\"target\":{\"@type\":\"EntryPoint\",\"urlTemplate\":\"https:\/\/onlinemathimata.com\/en\/?s={search_term_string}\"},\"query-input\":\"required name=search_term_string\"}],\"inLanguage\":\"en-US\"},{\"@type\":\"Organization\",\"@id\":\"https:\/\/onlinemathimata.com\/en\/#organization\",\"name\":\"Online Lessons\",\"url\":\"https:\/\/onlinemathimata.com\/en\/\",\"logo\":{\"@type\":\"ImageObject\",\"inLanguage\":\"en-US\",\"@id\":\"https:\/\/onlinemathimata.com\/en\/#\/schema\/logo\/image\/\",\"url\":\"https:\/\/onlinemathimata.com\/en\/wp-content\/uploads\/sites\/2\/2020\/06\/spoudes-stin-anglia-logo.png\",\"contentUrl\":\"https:\/\/onlinemathimata.com\/en\/wp-content\/uploads\/sites\/2\/2020\/06\/spoudes-stin-anglia-logo.png\",\"width\":186,\"height\":100,\"caption\":\"Online Lessons\"},\"image\":{\"@id\":\"https:\/\/onlinemathimata.com\/en\/#\/schema\/logo\/image\/\"}}]}<\/script>\n<!-- \/ Yoast SEO plugin. -->","yoast_head_json":{"title":"Turkish Lessons - Online Lessons","robots":{"index":"index","follow":"follow","max-snippet":"max-snippet:-1","max-image-preview":"max-image-preview:large","max-video-preview":"max-video-preview:-1"},"canonical":"https:\/\/onlinemathimata.com\/en\/foreign-languages-online\/turkish-lessons\/","og_locale":"en_US","og_type":"article","og_title":"Turkish Lessons - Online Lessons","og_description":"Turkish Lessons via the Internet is an excellent choice. You may learn Turkish easily and quickly for professional or other purposes. The number of people who want to learn Turkish is increasing rapidly and this is perfectly natural, since an advanced knowledge of the Turkish&#46;&#46;&#46;","og_url":"https:\/\/onlinemathimata.com\/en\/foreign-languages-online\/turkish-lessons\/","og_site_name":"Online Lessons","twitter_card":"summary_large_image","twitter_misc":{"Est. reading time":"2 minutes"},"schema":{"@context":"https:\/\/schema.org","@graph":[{"@type":"WebPage","@id":"https:\/\/onlinemathimata.com\/en\/foreign-languages-online\/turkish-lessons\/","url":"https:\/\/onlinemathimata.com\/en\/foreign-languages-online\/turkish-lessons\/","name":"Turkish Lessons - Online Lessons","isPartOf":{"@id":"https:\/\/onlinemathimata.com\/en\/#website"},"datePublished":"2013-06-25T20:35:38+00:00","dateModified":"2013-06-25T20:35:38+00:00","breadcrumb":{"@id":"https:\/\/onlinemathimata.com\/en\/foreign-languages-online\/turkish-lessons\/#breadcrumb"},"inLanguage":"en-US","potentialAction":[{"@type":"ReadAction","target":["https:\/\/onlinemathimata.com\/en\/foreign-languages-online\/turkish-lessons\/"]}]},{"@type":"BreadcrumbList","@id":"https:\/\/onlinemathimata.com\/en\/foreign-languages-online\/turkish-lessons\/#breadcrumb","itemListElement":[{"@type":"ListItem","position":1,"name":"Home","item":"https:\/\/onlinemathimata.com\/en\/"},{"@type":"ListItem","position":2,"name":"Foreign languages online","item":"https:\/\/onlinemathimata.com\/en\/foreign-languages-online\/"},{"@type":"ListItem","position":3,"name":"Turkish Lessons"}]},{"@type":"WebSite","@id":"https:\/\/onlinemathimata.com\/en\/#website","url":"https:\/\/onlinemathimata.com\/en\/","name":"Online Lessons","description":"Online Lessons - Live with image and sound","publisher":{"@id":"https:\/\/onlinemathimata.com\/en\/#organization"},"potentialAction":[{"@type":"SearchAction","target":{"@type":"EntryPoint","urlTemplate":"https:\/\/onlinemathimata.com\/en\/?s={search_term_string}"},"query-input":"required name=search_term_string"}],"inLanguage":"en-US"},{"@type":"Organization","@id":"https:\/\/onlinemathimata.com\/en\/#organization","name":"Online Lessons","url":"https:\/\/onlinemathimata.com\/en\/","logo":{"@type":"ImageObject","inLanguage":"en-US","@id":"https:\/\/onlinemathimata.com\/en\/#\/schema\/logo\/image\/","url":"https:\/\/onlinemathimata.com\/en\/wp-content\/uploads\/sites\/2\/2020\/06\/spoudes-stin-anglia-logo.png","contentUrl":"https:\/\/onlinemathimata.com\/en\/wp-content\/uploads\/sites\/2\/2020\/06\/spoudes-stin-anglia-logo.png","width":186,"height":100,"caption":"Online Lessons"},"image":{"@id":"https:\/\/onlinemathimata.com\/en\/#\/schema\/logo\/image\/"}}]}},"uagb_featured_image_src":{"full":false,"thumbnail":false,"medium":false,"medium_large":false,"large":false,"1536x1536":false,"2048x2048":false,"thumb-small":false,"thumb-standard":false,"thumb-medium":false,"thumb-large":false,"thumb-xlarge":false,"thumb-xxlarge":false},"uagb_author_info":{"display_name":"master","author_link":"https:\/\/onlinemathimata.com\/en\/author\/master\/"},"uagb_comment_info":0,"uagb_excerpt":"Turkish Lessons via the Internet is an excellent choice. You may learn Turkish easily and quickly for professional or other purposes. The number of people who want to learn Turkish is increasing rapidly and this is perfectly natural, since an advanced knowledge of the Turkish&#46;&#46;&#46;","_links":{"self":[{"href":"https:\/\/onlinemathimata.com\/en\/wp-json\/wp\/v2\/pages\/223"}],"collection":[{"href":"https:\/\/onlinemathimata.com\/en\/wp-json\/wp\/v2\/pages"}],"about":[{"href":"https:\/\/onlinemathimata.com\/en\/wp-json\/wp\/v2\/types\/page"}],"author":[{"embeddable":true,"href":"https:\/\/onlinemathimata.com\/en\/wp-json\/wp\/v2\/users\/1"}],"replies":[{"embeddable":true,"href":"https:\/\/onlinemathimata.com\/en\/wp-json\/wp\/v2\/comments?post=223"}],"version-history":[{"count":0,"href":"https:\/\/onlinemathimata.com\/en\/wp-json\/wp\/v2\/pages\/223\/revisions"}],"up":[{"embeddable":true,"href":"https:\/\/onlinemathimata.com\/en\/wp-json\/wp\/v2\/pages\/164"}],"wp:attachment":[{"href":"https:\/\/onlinemathimata.com\/en\/wp-json\/wp\/v2\/media?parent=223"}],"wp:term":[{"taxonomy":"category","embeddable":true,"href":"https:\/\/onlinemathimata.com\/en\/wp-json\/wp\/v2\/categories?post=223"},{"taxonomy":"post_tag","embeddable":true,"href":"https:\/\/onlinemathimata.com\/en\/wp-json\/wp\/v2\/tags?post=223"}],"curies":[{"name":"wp","href":"https:\/\/api.w.org\/{rel}","templated":true}]}}